{"id":280,"date":"2017-06-10T14:14:13","date_gmt":"2017-06-10T12:14:13","guid":{"rendered":"http:\/\/lagrandelaniere.com\/?page_id=280\/"},"modified":"2019-02-21T12:03:13","modified_gmt":"2019-02-21T11:03:13","slug":"activities","status":"publish","type":"page","link":"https:\/\/lagrandelaniere.com\/en\/activities\/","title":{"rendered":"Activities"},"content":{"rendered":"<h1>Activities &#8211; Hotel La Grande Lani\u00e8re &#8211; Les Gets &#8211; La Turche<\/h1>\n<h4>Find all the activities and the leisure activities near the Hotel &#8220;<b>La Grande Lani\u00e8re<\/b>&#8221; located at the foot of the ski slopes and close to the ski lift of La Turche in the village easily accessible of Les Gets. The hotel is located in the domain Les Portes du Soleil in Haute Savoie at 55 km from the international Geneva airport and 20 km from the express highway A40.<\/h4>\n<p><a class=\"content_link scroll\" href=\"#ski-snowboard\"  ><span class=\"title\">Ski et Snowboard<\/span><\/a><a class=\"content_link scroll\" href=\"#golf\"  ><span class=\"title\">Golf<\/span><\/a><a class=\"content_link scroll\" href=\"#vtt\"  ><span class=\"title\">VTT<\/span><\/a><a class=\"content_link scroll\" href=\"#autres-activites\"  ><span class=\"title\">Autres activit\u00e9s<\/span><\/a><\/p>\n<h2 style=\"font-style:italic;\">Ski<br \/>\net Snowboard<\/h2>\n<p class=\"big\">A la fois sportive et familiale, <b>la station des Gets<\/b> associe la performance et la d\u00e9couverte avec ses pistes adapt\u00e9es \u00e0 tous les styles et tous les niveaux&nbsp;: zone d\u2019apprentissage et d\u2019entra\u00eenement , zone d\u00e9butants, espace de glisse sur le th\u00e8me des indiens, circuits nordiques, boardercross\u2026<br \/>\nAcc\u00e8s direct en 5mn au c\u0153ur du <b>domaine skiable des Portes du Soleil<\/b>, par le <b>t\u00e9l\u00e9ski de la Turche<\/b> situ\u00e9 en face de l\u2019h\u00f4tel \u00ab&nbsp;La Grande Lani\u00e8re&nbsp;\u00bb<\/p>\n\n\t\t\t<style type='text\/css'>\n\t\t\t\t#sc_gallery-1 {\n\t\t\t\t\tmargin: auto;\n\t\t\t\t}\n\t\t\t\t#sc_gallery-1 .gallery-item {\n\t\t\t\t\tfloat: left;\n\t\t\t\t\ttext-align: center;\n\t\t\t\t\twidth: 33.33%;\n\t\t\t\t}\n\t\t\t\t#sc_gallery-1 img {\n\t\t\t\t\tborder: 2px solid #cfcfcf;\n\t\t\t\t}\n\t\t\t\t\/* see sc_gallery() in functions\/theme-shortcodes.php *\/\n\t\t\t<\/style>\n\t\t<div id='sc_gallery-1' class='gallery galleryid-280 gallery-columns-3 gallery-size-thumbnail file element_classes gallery-default'><dl class='gallery-item'  data-title='img-activites-lagrandelaniere-ski-snowboard-1' data-description=''><div class='gallery-item-wrapper'>\n\t\t\t\t<dt class='gallery-icon portrait'>\n\t\t\t\t\t<a href='https:\/\/lagrandelaniere.com\/wp-content\/uploads\/2017\/06\/img-activites-lagrandelaniere-ski-snowboard-1.jpg'><img loading=\"lazy\" decoding=\"async\" width=\"150\" height=\"150\" src=\"https:\/\/lagrandelaniere.com\/wp-content\/uploads\/2017\/06\/img-activites-lagrandelaniere-ski-snowboard-1-150x150.jpg\" class=\"attachment-thumbnail size-thumbnail\" alt=\"\" srcset=\"https:\/\/lagrandelaniere.com\/wp-content\/uploads\/2017\/06\/img-activites-lagrandelaniere-ski-snowboard-1-150x150.jpg 150w, https:\/\/lagrandelaniere.com\/wp-content\/uploads\/2017\/06\/img-activites-lagrandelaniere-ski-snowboard-1-85x85.jpg 85w, https:\/\/lagrandelaniere.com\/wp-content\/uploads\/2017\/06\/img-activites-lagrandelaniere-ski-snowboard-1-80x80.jpg 80w\" sizes=\"auto, (max-width:767px) 150px, 150px\" \/><\/a>\n\t\t\t\t<\/dt><\/div><\/dl><dl class='gallery-item'  data-title='img-activites-lagrandelaniere-ski-snowboard-2-teleski-la-turche' data-description=''><div class='gallery-item-wrapper'>\n\t\t\t\t<dt class='gallery-icon portrait'>\n\t\t\t\t\t<a href='https:\/\/lagrandelaniere.com\/wp-content\/uploads\/2017\/06\/img-activites-lagrandelaniere-ski-snowboard-2-teleski-la-turche.jpg'><img loading=\"lazy\" decoding=\"async\" width=\"150\" height=\"150\" src=\"https:\/\/lagrandelaniere.com\/wp-content\/uploads\/2017\/06\/img-activites-lagrandelaniere-ski-snowboard-2-teleski-la-turche-150x150.jpg\" class=\"attachment-thumbnail size-thumbnail\" alt=\"\" srcset=\"https:\/\/lagrandelaniere.com\/wp-content\/uploads\/2017\/06\/img-activites-lagrandelaniere-ski-snowboard-2-teleski-la-turche-150x150.jpg 150w, https:\/\/lagrandelaniere.com\/wp-content\/uploads\/2017\/06\/img-activites-lagrandelaniere-ski-snowboard-2-teleski-la-turche-85x85.jpg 85w, https:\/\/lagrandelaniere.com\/wp-content\/uploads\/2017\/06\/img-activites-lagrandelaniere-ski-snowboard-2-teleski-la-turche-80x80.jpg 80w\" sizes=\"auto, (max-width:767px) 150px, 150px\" \/><\/a>\n\t\t\t\t<\/dt><\/div><\/dl>\n\t\t\t\t<br style='clear: both' \/>\n\t\t\t<\/div>\n\n<p><img decoding=\"async\" src=\"http:\/\/lagrandelaniere.com\/wp-content\/uploads\/2016\/12\/divider-brown.png\" alt=\"divider-brown\"><\/p>\n<h2 style=\"font-style:italic;\">Golf<\/h2>\n<p class=\"big\">Premier golf 18 trous \u00e0 obtenir la certification environnementale ISO 14001, <b>le golf des Gets<\/b> offre un parcours de qualit\u00e9 dans un cadre de r\u00eave en pleine nature, avec des panoramas exceptionnels sur le Mont Blanc et les montagnes environnantes.<\/p>\n<p><img decoding=\"async\" src=\"http:\/\/lagrandelaniere.com\/wp-content\/uploads\/2016\/12\/divider-brown.png\" alt=\"divider-brown\"><\/p>\n<h2 style=\"font-style:italic;\">VTT<\/h2>\n<p class=\"big\">Les Gets s\u2019impose comme <b>le spot fran\u00e7ais du VTT<\/b>. Th\u00e9\u00e2tre de nombreux \u00e9v\u00e9nements comme le  Crankwoxs en 2017, les championnats du monde VTT en 2004 et  les championnats de France en 2012, et de nombreuses coupes du Monde, le Bikepark des Gets est id\u00e9al pour les v\u00e9t\u00e9tistes confirm\u00e9s comme pour les d\u00e9butants.<\/p>\n<p><img decoding=\"async\" src=\"http:\/\/lagrandelaniere.com\/wp-content\/uploads\/2016\/12\/divider-brown.png\" alt=\"divider-brown\"><\/p>\n<h2 style=\"font-style:italic;\">Autres<br \/>\nactivit\u00e9s<\/h2>\n<p class=\"big\">Randonn\u00e9es \u00e0 l\u2019aide des remont\u00e9es m\u00e9caniques, balades en raquettes, ski de fond, bapt\u00eame en parapente, initiation au ski-joering, patinoire, lac de baignade\u2026<\/p>\n","protected":false},"excerpt":{"rendered":"<p>Activities &#8211; Hotel La Grande Lani\u00e8re &#8211; Les Gets &#8211; La Turche Find all the activities and the leisure activities near the Hotel &#8220;La Grande Lani\u00e8re&#8221;<span class=\"excerpt-hellip\"> [\u2026]<\/span><\/p>\n","protected":false},"author":1,"featured_media":177,"parent":0,"menu_order":5,"comment_status":"closed","ping_status":"closed","template":"","meta":{"footnotes":""},"class_list":["post-280","page","type-page","status-publish","has-post-thumbnail","hentry"],"yoast_head":"<!-- This site is optimized with the Yoast SEO plugin v26.1.1 - https:\/\/yoast.com\/wordpress\/plugins\/seo\/ -->\n<title>Activities - Hotel La Grande Lani\u00e8re - Les Gets - La Turche<\/title>\n<meta name=\"description\" content=\"Find all the activities and the leisure near the Hotel La Grande Lani\u00e8re at Les Gets, french Alps, next to the domain Les Portes du Soleil in Haute Savoie\" \/>\n<meta name=\"robots\" content=\"index, follow, max-snippet:-1, max-image-preview:large, max-video-preview:-1\" \/>\n<link rel=\"canonical\" href=\"https:\/\/lagrandelaniere.com\/en\/activities\/\" \/>\n<meta property=\"og:locale\" content=\"en_US\" \/>\n<meta property=\"og:type\" content=\"article\" \/>\n<meta property=\"og:title\" content=\"Activities - Hotel La Grande Lani\u00e8re - Les Gets - La Turche\" \/>\n<meta property=\"og:description\" content=\"Find all the activities and the leisure near the Hotel La Grande Lani\u00e8re at Les Gets, french Alps, next to the domain Les Portes du Soleil in Haute Savoie\" \/>\n<meta property=\"og:url\" content=\"https:\/\/lagrandelaniere.com\/en\/activities\/\" \/>\n<meta property=\"og:site_name\" content=\"La Grande Lani\u00e8re\" \/>\n<meta property=\"article:publisher\" content=\"https:\/\/www.facebook.com\/La-Grande-Lani%c3%a8re-1660431740863540\/\" \/>\n<meta property=\"article:modified_time\" content=\"2019-02-21T11:03:13+00:00\" \/>\n<meta property=\"og:image\" content=\"https:\/\/lagrandelaniere.com\/wp-content\/uploads\/2015\/11\/header-activites-loisirs-hotel-la-grande-laniere-les-gets.jpg\" \/>\n\t<meta property=\"og:image:width\" content=\"1920\" \/>\n\t<meta property=\"og:image:height\" content=\"660\" \/>\n\t<meta property=\"og:image:type\" content=\"image\/jpeg\" \/>\n<meta name=\"twitter:card\" content=\"summary_large_image\" \/>\n<meta name=\"twitter:label1\" content=\"Est. reading time\" \/>\n\t<meta name=\"twitter:data1\" content=\"2 minutes\" \/>\n<script type=\"application\/ld+json\" class=\"yoast-schema-graph\">{\"@context\":\"https:\/\/schema.org\",\"@graph\":[{\"@type\":\"WebPage\",\"@id\":\"https:\/\/lagrandelaniere.com\/en\/activities\/\",\"url\":\"https:\/\/lagrandelaniere.com\/en\/activities\/\",\"name\":\"Activities - Hotel La Grande Lani\u00e8re - Les Gets - La Turche\",\"isPartOf\":{\"@id\":\"https:\/\/lagrandelaniere.com\/#website\"},\"primaryImageOfPage\":{\"@id\":\"https:\/\/lagrandelaniere.com\/en\/activities\/#primaryimage\"},\"image\":{\"@id\":\"https:\/\/lagrandelaniere.com\/en\/activities\/#primaryimage\"},\"thumbnailUrl\":\"https:\/\/lagrandelaniere.com\/wp-content\/uploads\/2015\/11\/header-activites-loisirs-hotel-la-grande-laniere-les-gets.jpg\",\"datePublished\":\"2017-06-10T12:14:13+00:00\",\"dateModified\":\"2019-02-21T11:03:13+00:00\",\"description\":\"Find all the activities and the leisure near the Hotel La Grande Lani\u00e8re at Les Gets, french Alps, next to the domain Les Portes du Soleil in Haute Savoie\",\"breadcrumb\":{\"@id\":\"https:\/\/lagrandelaniere.com\/en\/activities\/#breadcrumb\"},\"inLanguage\":\"en-US\",\"potentialAction\":[{\"@type\":\"ReadAction\",\"target\":[\"https:\/\/lagrandelaniere.com\/en\/activities\/\"]}]},{\"@type\":\"ImageObject\",\"inLanguage\":\"en-US\",\"@id\":\"https:\/\/lagrandelaniere.com\/en\/activities\/#primaryimage\",\"url\":\"https:\/\/lagrandelaniere.com\/wp-content\/uploads\/2015\/11\/header-activites-loisirs-hotel-la-grande-laniere-les-gets.jpg\",\"contentUrl\":\"https:\/\/lagrandelaniere.com\/wp-content\/uploads\/2015\/11\/header-activites-loisirs-hotel-la-grande-laniere-les-gets.jpg\",\"width\":1920,\"height\":660},{\"@type\":\"BreadcrumbList\",\"@id\":\"https:\/\/lagrandelaniere.com\/en\/activities\/#breadcrumb\",\"itemListElement\":[{\"@type\":\"ListItem\",\"position\":1,\"name\":\"Home\",\"item\":\"https:\/\/lagrandelaniere.com\/en\/\"},{\"@type\":\"ListItem\",\"position\":2,\"name\":\"Activities\"}]},{\"@type\":\"WebSite\",\"@id\":\"https:\/\/lagrandelaniere.com\/#website\",\"url\":\"https:\/\/lagrandelaniere.com\/\",\"name\":\"La Grande Lani\u00e8re\",\"description\":\"H\u00f4tel Les Gets La Turche\",\"potentialAction\":[{\"@type\":\"SearchAction\",\"target\":{\"@type\":\"EntryPoint\",\"urlTemplate\":\"https:\/\/lagrandelaniere.com\/?s={search_term_string}\"},\"query-input\":{\"@type\":\"PropertyValueSpecification\",\"valueRequired\":true,\"valueName\":\"search_term_string\"}}],\"inLanguage\":\"en-US\"}]}<\/script>\n<!-- \/ Yoast SEO plugin. -->","yoast_head_json":{"title":"Activities - Hotel La Grande Lani\u00e8re - Les Gets - La Turche","description":"Find all the activities and the leisure near the Hotel La Grande Lani\u00e8re at Les Gets, french Alps, next to the domain Les Portes du Soleil in Haute Savoie","robots":{"index":"index","follow":"follow","max-snippet":"max-snippet:-1","max-image-preview":"max-image-preview:large","max-video-preview":"max-video-preview:-1"},"canonical":"https:\/\/lagrandelaniere.com\/en\/activities\/","og_locale":"en_US","og_type":"article","og_title":"Activities - Hotel La Grande Lani\u00e8re - Les Gets - La Turche","og_description":"Find all the activities and the leisure near the Hotel La Grande Lani\u00e8re at Les Gets, french Alps, next to the domain Les Portes du Soleil in Haute Savoie","og_url":"https:\/\/lagrandelaniere.com\/en\/activities\/","og_site_name":"La Grande Lani\u00e8re","article_publisher":"https:\/\/www.facebook.com\/La-Grande-Lani%c3%a8re-1660431740863540\/","article_modified_time":"2019-02-21T11:03:13+00:00","og_image":[{"width":1920,"height":660,"url":"https:\/\/lagrandelaniere.com\/wp-content\/uploads\/2015\/11\/header-activites-loisirs-hotel-la-grande-laniere-les-gets.jpg","type":"image\/jpeg"}],"twitter_card":"summary_large_image","twitter_misc":{"Est. reading time":"2 minutes"},"schema":{"@context":"https:\/\/schema.org","@graph":[{"@type":"WebPage","@id":"https:\/\/lagrandelaniere.com\/en\/activities\/","url":"https:\/\/lagrandelaniere.com\/en\/activities\/","name":"Activities - Hotel La Grande Lani\u00e8re - Les Gets - La Turche","isPartOf":{"@id":"https:\/\/lagrandelaniere.com\/#website"},"primaryImageOfPage":{"@id":"https:\/\/lagrandelaniere.com\/en\/activities\/#primaryimage"},"image":{"@id":"https:\/\/lagrandelaniere.com\/en\/activities\/#primaryimage"},"thumbnailUrl":"https:\/\/lagrandelaniere.com\/wp-content\/uploads\/2015\/11\/header-activites-loisirs-hotel-la-grande-laniere-les-gets.jpg","datePublished":"2017-06-10T12:14:13+00:00","dateModified":"2019-02-21T11:03:13+00:00","description":"Find all the activities and the leisure near the Hotel La Grande Lani\u00e8re at Les Gets, french Alps, next to the domain Les Portes du Soleil in Haute Savoie","breadcrumb":{"@id":"https:\/\/lagrandelaniere.com\/en\/activities\/#breadcrumb"},"inLanguage":"en-US","potentialAction":[{"@type":"ReadAction","target":["https:\/\/lagrandelaniere.com\/en\/activities\/"]}]},{"@type":"ImageObject","inLanguage":"en-US","@id":"https:\/\/lagrandelaniere.com\/en\/activities\/#primaryimage","url":"https:\/\/lagrandelaniere.com\/wp-content\/uploads\/2015\/11\/header-activites-loisirs-hotel-la-grande-laniere-les-gets.jpg","contentUrl":"https:\/\/lagrandelaniere.com\/wp-content\/uploads\/2015\/11\/header-activites-loisirs-hotel-la-grande-laniere-les-gets.jpg","width":1920,"height":660},{"@type":"BreadcrumbList","@id":"https:\/\/lagrandelaniere.com\/en\/activities\/#breadcrumb","itemListElement":[{"@type":"ListItem","position":1,"name":"Home","item":"https:\/\/lagrandelaniere.com\/en\/"},{"@type":"ListItem","position":2,"name":"Activities"}]},{"@type":"WebSite","@id":"https:\/\/lagrandelaniere.com\/#website","url":"https:\/\/lagrandelaniere.com\/","name":"La Grande Lani\u00e8re","description":"H\u00f4tel Les Gets La Turche","potentialAction":[{"@type":"SearchAction","target":{"@type":"EntryPoint","urlTemplate":"https:\/\/lagrandelaniere.com\/?s={search_term_string}"},"query-input":{"@type":"PropertyValueSpecification","valueRequired":true,"valueName":"search_term_string"}}],"inLanguage":"en-US"}]}},"_links":{"self":[{"href":"https:\/\/lagrandelaniere.com\/en\/wp-json\/wp\/v2\/pages\/280","targetHints":{"allow":["GET"]}}],"collection":[{"href":"https:\/\/lagrandelaniere.com\/en\/wp-json\/wp\/v2\/pages"}],"about":[{"href":"https:\/\/lagrandelaniere.com\/en\/wp-json\/wp\/v2\/types\/page"}],"author":[{"embeddable":true,"href":"https:\/\/lagrandelaniere.com\/en\/wp-json\/wp\/v2\/users\/1"}],"replies":[{"embeddable":true,"href":"https:\/\/lagrandelaniere.com\/en\/wp-json\/wp\/v2\/comments?post=280"}],"version-history":[{"count":0,"href":"https:\/\/lagrandelaniere.com\/en\/wp-json\/wp\/v2\/pages\/280\/revisions"}],"wp:featuredmedia":[{"embeddable":true,"href":"https:\/\/lagrandelaniere.com\/en\/wp-json\/wp\/v2\/media\/177"}],"wp:attachment":[{"href":"https:\/\/lagrandelaniere.com\/en\/wp-json\/wp\/v2\/media?parent=280"}],"curies":[{"name":"wp","href":"https:\/\/api.w.org\/{rel}","templated":true}]}}