{"id":756,"date":"2018-09-11T18:11:44","date_gmt":"2018-09-11T16:11:44","guid":{"rendered":"http:\/\/lagrandelaniere.com\/?page_id=756"},"modified":"2019-02-21T11:47:24","modified_gmt":"2019-02-21T10:47:24","slug":"cookies-policy","status":"publish","type":"page","link":"https:\/\/lagrandelaniere.com\/en\/practical-infos\/cookies-policy\/","title":{"rendered":"Cookies policy"},"content":{"rendered":"<p>Pour assurer le bon fonctionnement de ce site, nous devons parfois enregistrer de petits fichiers de donn\u00e9es sur l&#8217;\u00e9quipement de nos utilisateurs. La plupart des grands sites web font de m\u00eame.<\/p>\n<h3>Qu&#8217;est-ce qu&#8217;un cookie?<\/h3>\n<p>Un cookie est un petit fichier texte que les sites web sauvegardent sur votre ordinateur ou appareil mobile lorsque vous les consultez. Il permet \u00e0 ces sites de m\u00e9moriser vos actions et pr\u00e9f\u00e9rences (nom d&#8217;utilisateur, langue, taille des caract\u00e8res et autres param\u00e8tres d&#8217;affichage) pendant un temps donn\u00e9, pour que vous n&#8217;ayez pas \u00e0 r\u00e9indiquer ces informations \u00e0 chaque fois vous consultez ces sites ou naviguez d&#8217;une page \u00e0 une autre.<\/p>\n<h3>Comment utilisons-nous les cookies?<\/h3>\n<p>Nous diffusons des cookies afin d&#8217;analyser le trafic sur ce site. Les informations concernant l&#8217;utilisation que vous faites de notre site nous sont transmises dans cette optique pour r\u00e9aliser des statistiques de visites sur notre site internet.<\/p>\n<h3>Comment contr\u00f4ler les cookies<\/h3>\n<p>Vous pouvez contr\u00f4ler et\/ou supprimer des cookies comme vous le souhaitez. Pour en savoir plus, consultez aboutcookies.org (http:\/\/www.aboutcookies.org\/) ou le site de la CNIL (https:\/\/www.cnil.fr\/fr\/cookies-les-outils-pour-les-maitriser). Vous avez la possibilit\u00e9 de supprimer tous les cookies d\u00e9j\u00e0 stock\u00e9s sur votre ordinateur et de configurer la plupart des navigateurs pour qu&#8217;ils les bloquent. Toutefois, dans ce cas, vous devrez peut-\u00eatre indiquer vous-m\u00eames certaines pr\u00e9f\u00e9rences chaque fois que vous vous rendrez sur un site, et certains services et fonctionnalit\u00e9s risquent de ne pas \u00eatre accessibles.<\/p>\n","protected":false},"excerpt":{"rendered":"<p>Pour assurer le bon fonctionnement de ce site, nous devons parfois enregistrer de petits fichiers de donn\u00e9es sur l&#8217;\u00e9quipement de nos utilisateurs. La plupart des grands<span class=\"excerpt-hellip\"> [\u2026]<\/span><\/p>\n","protected":false},"author":1,"featured_media":675,"parent":463,"menu_order":4,"comment_status":"closed","ping_status":"open","template":"","meta":{"footnotes":""},"class_list":["post-756","page","type-page","status-publish","has-post-thumbnail","hentry"],"yoast_head":"<!-- This site is optimized with the Yoast SEO plugin v26.1.1 - https:\/\/yoast.com\/wordpress\/plugins\/seo\/ -->\n<title>Cookies policy<\/title>\n<meta name=\"description\" content=\"Cookies policy hotel La Grande Lani\u00e8re, Les Gets, La Turche\" \/>\n<meta name=\"robots\" content=\"index, follow, max-snippet:-1, max-image-preview:large, max-video-preview:-1\" \/>\n<link rel=\"canonical\" href=\"https:\/\/lagrandelaniere.com\/en\/practical-infos\/cookies-policy\/\" \/>\n<meta property=\"og:locale\" content=\"en_US\" \/>\n<meta property=\"og:type\" content=\"article\" \/>\n<meta property=\"og:title\" content=\"Cookies policy\" \/>\n<meta property=\"og:description\" content=\"Cookies policy hotel La Grande Lani\u00e8re, Les Gets, La Turche\" \/>\n<meta property=\"og:url\" content=\"https:\/\/lagrandelaniere.com\/en\/practical-infos\/cookies-policy\/\" \/>\n<meta property=\"og:site_name\" content=\"La Grande Lani\u00e8re\" \/>\n<meta property=\"article:publisher\" content=\"https:\/\/www.facebook.com\/La-Grande-Lani%c3%a8re-1660431740863540\/\" \/>\n<meta property=\"article:modified_time\" content=\"2019-02-21T10:47:24+00:00\" \/>\n<meta property=\"og:image\" content=\"https:\/\/lagrandelaniere.com\/wp-content\/uploads\/2018\/01\/header-hotel-la-grande-laniere-les-gets-2018.jpg\" \/>\n\t<meta property=\"og:image:width\" content=\"1920\" \/>\n\t<meta property=\"og:image:height\" content=\"660\" \/>\n\t<meta property=\"og:image:type\" content=\"image\/jpeg\" \/>\n<meta name=\"twitter:card\" content=\"summary_large_image\" \/>\n<meta name=\"twitter:label1\" content=\"Est. reading time\" \/>\n\t<meta name=\"twitter:data1\" content=\"1 minute\" \/>\n<script type=\"application\/ld+json\" class=\"yoast-schema-graph\">{\"@context\":\"https:\/\/schema.org\",\"@graph\":[{\"@type\":\"WebPage\",\"@id\":\"https:\/\/lagrandelaniere.com\/en\/practical-infos\/cookies-policy\/\",\"url\":\"https:\/\/lagrandelaniere.com\/en\/practical-infos\/cookies-policy\/\",\"name\":\"Cookies policy\",\"isPartOf\":{\"@id\":\"https:\/\/lagrandelaniere.com\/#website\"},\"primaryImageOfPage\":{\"@id\":\"https:\/\/lagrandelaniere.com\/en\/practical-infos\/cookies-policy\/#primaryimage\"},\"image\":{\"@id\":\"https:\/\/lagrandelaniere.com\/en\/practical-infos\/cookies-policy\/#primaryimage\"},\"thumbnailUrl\":\"https:\/\/lagrandelaniere.com\/wp-content\/uploads\/2018\/01\/header-hotel-la-grande-laniere-les-gets-2018.jpg\",\"datePublished\":\"2018-09-11T16:11:44+00:00\",\"dateModified\":\"2019-02-21T10:47:24+00:00\",\"description\":\"Cookies policy hotel La Grande Lani\u00e8re, Les Gets, La Turche\",\"breadcrumb\":{\"@id\":\"https:\/\/lagrandelaniere.com\/en\/practical-infos\/cookies-policy\/#breadcrumb\"},\"inLanguage\":\"en-US\",\"potentialAction\":[{\"@type\":\"ReadAction\",\"target\":[\"https:\/\/lagrandelaniere.com\/en\/practical-infos\/cookies-policy\/\"]}]},{\"@type\":\"ImageObject\",\"inLanguage\":\"en-US\",\"@id\":\"https:\/\/lagrandelaniere.com\/en\/practical-infos\/cookies-policy\/#primaryimage\",\"url\":\"https:\/\/lagrandelaniere.com\/wp-content\/uploads\/2018\/01\/header-hotel-la-grande-laniere-les-gets-2018.jpg\",\"contentUrl\":\"https:\/\/lagrandelaniere.com\/wp-content\/uploads\/2018\/01\/header-hotel-la-grande-laniere-les-gets-2018.jpg\",\"width\":1920,\"height\":660},{\"@type\":\"BreadcrumbList\",\"@id\":\"https:\/\/lagrandelaniere.com\/en\/practical-infos\/cookies-policy\/#breadcrumb\",\"itemListElement\":[{\"@type\":\"ListItem\",\"position\":1,\"name\":\"Home\",\"item\":\"https:\/\/lagrandelaniere.com\/en\/\"},{\"@type\":\"ListItem\",\"position\":2,\"name\":\"Practical infos\",\"item\":\"https:\/\/lagrandelaniere.com\/en\/practical-infos\/\"},{\"@type\":\"ListItem\",\"position\":3,\"name\":\"Cookies policy\"}]},{\"@type\":\"WebSite\",\"@id\":\"https:\/\/lagrandelaniere.com\/#website\",\"url\":\"https:\/\/lagrandelaniere.com\/\",\"name\":\"La Grande Lani\u00e8re\",\"description\":\"H\u00f4tel Les Gets La Turche\",\"potentialAction\":[{\"@type\":\"SearchAction\",\"target\":{\"@type\":\"EntryPoint\",\"urlTemplate\":\"https:\/\/lagrandelaniere.com\/?s={search_term_string}\"},\"query-input\":{\"@type\":\"PropertyValueSpecification\",\"valueRequired\":true,\"valueName\":\"search_term_string\"}}],\"inLanguage\":\"en-US\"}]}<\/script>\n<!-- \/ Yoast SEO plugin. -->","yoast_head_json":{"title":"Cookies policy","description":"Cookies policy hotel La Grande Lani\u00e8re, Les Gets, La Turche","robots":{"index":"index","follow":"follow","max-snippet":"max-snippet:-1","max-image-preview":"max-image-preview:large","max-video-preview":"max-video-preview:-1"},"canonical":"https:\/\/lagrandelaniere.com\/en\/practical-infos\/cookies-policy\/","og_locale":"en_US","og_type":"article","og_title":"Cookies policy","og_description":"Cookies policy hotel La Grande Lani\u00e8re, Les Gets, La Turche","og_url":"https:\/\/lagrandelaniere.com\/en\/practical-infos\/cookies-policy\/","og_site_name":"La Grande Lani\u00e8re","article_publisher":"https:\/\/www.facebook.com\/La-Grande-Lani%c3%a8re-1660431740863540\/","article_modified_time":"2019-02-21T10:47:24+00:00","og_image":[{"width":1920,"height":660,"url":"https:\/\/lagrandelaniere.com\/wp-content\/uploads\/2018\/01\/header-hotel-la-grande-laniere-les-gets-2018.jpg","type":"image\/jpeg"}],"twitter_card":"summary_large_image","twitter_misc":{"Est. reading time":"1 minute"},"schema":{"@context":"https:\/\/schema.org","@graph":[{"@type":"WebPage","@id":"https:\/\/lagrandelaniere.com\/en\/practical-infos\/cookies-policy\/","url":"https:\/\/lagrandelaniere.com\/en\/practical-infos\/cookies-policy\/","name":"Cookies policy","isPartOf":{"@id":"https:\/\/lagrandelaniere.com\/#website"},"primaryImageOfPage":{"@id":"https:\/\/lagrandelaniere.com\/en\/practical-infos\/cookies-policy\/#primaryimage"},"image":{"@id":"https:\/\/lagrandelaniere.com\/en\/practical-infos\/cookies-policy\/#primaryimage"},"thumbnailUrl":"https:\/\/lagrandelaniere.com\/wp-content\/uploads\/2018\/01\/header-hotel-la-grande-laniere-les-gets-2018.jpg","datePublished":"2018-09-11T16:11:44+00:00","dateModified":"2019-02-21T10:47:24+00:00","description":"Cookies policy hotel La Grande Lani\u00e8re, Les Gets, La Turche","breadcrumb":{"@id":"https:\/\/lagrandelaniere.com\/en\/practical-infos\/cookies-policy\/#breadcrumb"},"inLanguage":"en-US","potentialAction":[{"@type":"ReadAction","target":["https:\/\/lagrandelaniere.com\/en\/practical-infos\/cookies-policy\/"]}]},{"@type":"ImageObject","inLanguage":"en-US","@id":"https:\/\/lagrandelaniere.com\/en\/practical-infos\/cookies-policy\/#primaryimage","url":"https:\/\/lagrandelaniere.com\/wp-content\/uploads\/2018\/01\/header-hotel-la-grande-laniere-les-gets-2018.jpg","contentUrl":"https:\/\/lagrandelaniere.com\/wp-content\/uploads\/2018\/01\/header-hotel-la-grande-laniere-les-gets-2018.jpg","width":1920,"height":660},{"@type":"BreadcrumbList","@id":"https:\/\/lagrandelaniere.com\/en\/practical-infos\/cookies-policy\/#breadcrumb","itemListElement":[{"@type":"ListItem","position":1,"name":"Home","item":"https:\/\/lagrandelaniere.com\/en\/"},{"@type":"ListItem","position":2,"name":"Practical infos","item":"https:\/\/lagrandelaniere.com\/en\/practical-infos\/"},{"@type":"ListItem","position":3,"name":"Cookies policy"}]},{"@type":"WebSite","@id":"https:\/\/lagrandelaniere.com\/#website","url":"https:\/\/lagrandelaniere.com\/","name":"La Grande Lani\u00e8re","description":"H\u00f4tel Les Gets La Turche","potentialAction":[{"@type":"SearchAction","target":{"@type":"EntryPoint","urlTemplate":"https:\/\/lagrandelaniere.com\/?s={search_term_string}"},"query-input":{"@type":"PropertyValueSpecification","valueRequired":true,"valueName":"search_term_string"}}],"inLanguage":"en-US"}]}},"_links":{"self":[{"href":"https:\/\/lagrandelaniere.com\/en\/wp-json\/wp\/v2\/pages\/756","targetHints":{"allow":["GET"]}}],"collection":[{"href":"https:\/\/lagrandelaniere.com\/en\/wp-json\/wp\/v2\/pages"}],"about":[{"href":"https:\/\/lagrandelaniere.com\/en\/wp-json\/wp\/v2\/types\/page"}],"author":[{"embeddable":true,"href":"https:\/\/lagrandelaniere.com\/en\/wp-json\/wp\/v2\/users\/1"}],"replies":[{"embeddable":true,"href":"https:\/\/lagrandelaniere.com\/en\/wp-json\/wp\/v2\/comments?post=756"}],"version-history":[{"count":0,"href":"https:\/\/lagrandelaniere.com\/en\/wp-json\/wp\/v2\/pages\/756\/revisions"}],"up":[{"embeddable":true,"href":"https:\/\/lagrandelaniere.com\/en\/wp-json\/wp\/v2\/pages\/463"}],"wp:featuredmedia":[{"embeddable":true,"href":"https:\/\/lagrandelaniere.com\/en\/wp-json\/wp\/v2\/media\/675"}],"wp:attachment":[{"href":"https:\/\/lagrandelaniere.com\/en\/wp-json\/wp\/v2\/media?parent=756"}],"curies":[{"name":"wp","href":"https:\/\/api.w.org\/{rel}","templated":true}]}}